{"id":328,"date":"2022-02-20T06:17:00","date_gmt":"2022-02-20T06:17:00","guid":{"rendered":"https:\/\/brouwers.lu\/?page_id=39"},"modified":"2025-01-24T15:51:23","modified_gmt":"2025-01-24T14:51:23","slug":"nos-services","status":"publish","type":"page","link":"https:\/\/brouwers.lu\/en\/nos-services\/","title":{"rendered":"Our services"},"content":{"rendered":"<section class=\"title-text\">\n    <div class=\"wrapper\" data-no-translation=\"\">\n        <div class=\"text-right\">\n                            <h2 class=\"h1\">\n                    FAIRE DE VOS INT\u00c9R\u00caTS NOTRE PRIORIT\u00c9\n                <\/h2>\n                        \n                            <div>\n                    <p>En tant que Bureau Immobilier, notre r\u00f4le est de vous aider \u00e0 concr\u00e9tiser vos projets immobiliers. Nous vous accompagnons dans vos d\u00e9marches de recherche ou de vente, d\u2019\u00e9valuation, de n\u00e9gociation, dans les proc\u00e9dures administratives, jusqu\u2019\u00e0 la conclusion de la transaction. A chaque \u00e9tape, nous sommes enti\u00e8rement d\u00e9di\u00e9s \u00e0 la d\u00e9fense de vos int\u00e9r\u00eats.<\/p>\n\n                <\/div>\n                    <\/div>\n    <\/div>\n<\/section>\n\n<section class=\"image-text content-block\">\n\t<div class=\"wrapper\" data-no-translation=\"\">\n\t\t<div class=\"image-text__container\">\n\t\t\t\t\t\t\t<div class=\"image-text__bg-image\" data-animation='parallax-3'>\n\t\t\t\t\t<img decoding=\"async\" src=\"https:\/\/brouwers.lu\/wp-content\/themes\/mena_nm\/assets\/images\/image-text-bg.png\">\n\t\t\t\t<\/div>\n\t\t\t\n\t\t\t\t\t\t\t<div class=\"image-text__image\" data-animation='parallax-2'><img loading=\"lazy\" decoding=\"async\" width=\"525\" height=\"350\" src=\"https:\/\/brouwers.lu\/wp-content\/uploads\/2022\/02\/achat-location-525x350.jpg\" class=\"attachment-mena_thumb size-mena_thumb\" alt=\"\" srcset=\"https:\/\/brouwers.lu\/wp-content\/uploads\/2022\/02\/achat-location-525x350.jpg 525w, https:\/\/brouwers.lu\/wp-content\/uploads\/2022\/02\/achat-location-300x200.jpg 300w, https:\/\/brouwers.lu\/wp-content\/uploads\/2022\/02\/achat-location-1024x683.jpg 1024w, https:\/\/brouwers.lu\/wp-content\/uploads\/2022\/02\/achat-location-768x512.jpg 768w, https:\/\/brouwers.lu\/wp-content\/uploads\/2022\/02\/achat-location-1536x1024.jpg 1536w, https:\/\/brouwers.lu\/wp-content\/uploads\/2022\/02\/achat-location-2048x1365.jpg 2048w\" sizes=\"auto, (max-width: 525px) 100vw, 525px\" \/><\/div>\n\t\t\t\n\t\t\t<div class=\"image-text__desc\">\n\t\t\t\t\t\t\t\t\t<h2 class=\"image-text__title color-grey-300 font-semibold mb-3\">Bien vendre son bien immobilier<\/h2>\n\t\t\t\t\n\t\t\t\t\n\t\t\t\t\t\t\t\t\t<div class=\"image-text__text color-grey-400 mb-1\"><p>BBI se place \u00e0 vos c\u00f4t\u00e9s pour vous aider \u00e0 vendre votre bien immobilier. Nous \u00e9valuons votre bien en nous appuyant sur une connaissance approfondie du march\u00e9 et des tendances. Nous d\u00e9terminons le prix avec vous, en tout transparence, afin de faciliter la vente effective de votre bien au meilleur prix. Nous vous assistons dans la constitution d\u2019un dossier rassemblant l\u2019ensemble des documents l\u00e9gaux n\u00e9cessaires. Nous vous aidons \u00e0 mettre en valeur votre bien, \u00e0 travers les annonces ainsi qu\u2019en organisant les visites. Nous vous accompagnons jusqu\u2019\u00e0 la signature du compromis puis de l\u2019acte ou du bail, et assurons le suivi aupr\u00e8s des notaires, en veillant \u00e0 votre s\u00e9curit\u00e9 juridique et \u00e9conomique.<\/p>\n<\/div>\n\t\t\t\t\n\t\t\t\t\n\t\t\t\t\t\t\t\t\t<div class=\"text-center\">\n\t\t\t\t\t\t\t\t\t\t\t\t\t<a href=\"https:\/\/brouwers.lu\/contact\/\" class=\"button c-button image-text__cta\" >\n\t<span>\n\t\tContactez-nous\n\t<\/span>\n\t<\/a>\n\t\t\t\t\t\t\t\t\t\t\t<\/div>\n\t\t\t\t\t\t\t<\/div>\n\t\t<\/div>\n\t<\/div>\n<\/section>\n\n\n<section class=\"image-text content-block image-text--right\">\n\t<div class=\"wrapper\" data-no-translation=\"\">\n\t\t<div class=\"image-text__container\">\n\t\t\t\t\t\t\t<div class=\"image-text__bg-image\" data-animation='parallax-3'>\n\t\t\t\t\t<img decoding=\"async\" src=\"https:\/\/brouwers.lu\/wp-content\/themes\/mena_nm\/assets\/images\/image-text-bg.png\">\n\t\t\t\t<\/div>\n\t\t\t\n\t\t\t\t\t\t\t<div class=\"image-text__image\" data-animation='parallax-2'><img loading=\"lazy\" decoding=\"async\" width=\"525\" height=\"350\" src=\"https:\/\/brouwers.lu\/wp-content\/uploads\/2022\/02\/promo-525x350.jpg\" class=\"attachment-mena_thumb size-mena_thumb\" alt=\"\" srcset=\"https:\/\/brouwers.lu\/wp-content\/uploads\/2022\/02\/promo-525x350.jpg 525w, https:\/\/brouwers.lu\/wp-content\/uploads\/2022\/02\/promo-300x200.jpg 300w, https:\/\/brouwers.lu\/wp-content\/uploads\/2022\/02\/promo-1024x684.jpg 1024w, https:\/\/brouwers.lu\/wp-content\/uploads\/2022\/02\/promo-768x513.jpg 768w, https:\/\/brouwers.lu\/wp-content\/uploads\/2022\/02\/promo-1536x1025.jpg 1536w, https:\/\/brouwers.lu\/wp-content\/uploads\/2022\/02\/promo-2048x1367.jpg 2048w\" sizes=\"auto, (max-width: 525px) 100vw, 525px\" \/><\/div>\n\t\t\t\n\t\t\t<div class=\"image-text__desc\">\n\t\t\t\t\t\t\t\t\t<h2 class=\"image-text__title color-grey-300 font-semibold mb-3\">Vendez votre terrain ou d\u00e9veloppez votre projet immobilier<\/h2>\n\t\t\t\t\n\t\t\t\t\n\t\t\t\t\t\t\t\t\t<div class=\"image-text__text color-grey-400 mb-1\"><p>Notre bureau immobilier int\u00e8gre une expertise unique en promotion immobili\u00e8re. En consid\u00e9rant le potentiel de votre terrain ou de votre bien, nous d\u00e9finissons le projet qui permettra d\u2019en maximiser la valeur. En travaillant avec m\u00e9thode et en toute transparence, nous cherchons le projet qui permettra de valoriser au mieux votre foncier. La connaissance du march\u00e9 et l\u2019engagement pour un immobilier de qualit\u00e9 qui font partie de l\u2019ADN de Brouwers vous permettent d\u2019envisager le d\u00e9veloppement de votre projet en toute s\u00e9r\u00e9nit\u00e9.<\/p>\n<\/div>\n\t\t\t\t\n\t\t\t\t\n\t\t\t\t\t\t\t\t\t<div class=\"text-center\">\n\t\t\t\t\t\t\t\t\t\t\t\t\t<a href=\"https:\/\/brouwers.lu\/contact\/\" class=\"button c-button image-text__cta\" >\n\t<span>\n\t\tContactez-nous\n\t<\/span>\n\t<\/a>\n\t\t\t\t\t\t\t\t\t\t\t<\/div>\n\t\t\t\t\t\t\t<\/div>\n\t\t<\/div>\n\t<\/div>\n<\/section>\n\n\n<section class=\"image-text content-block\">\n\t<div class=\"wrapper\" data-no-translation=\"\">\n\t\t<div class=\"image-text__container\">\n\t\t\t\t\t\t\t<div class=\"image-text__bg-image\" data-animation='parallax-3'>\n\t\t\t\t\t<img decoding=\"async\" src=\"https:\/\/brouwers.lu\/wp-content\/themes\/mena_nm\/assets\/images\/image-text-bg.png\">\n\t\t\t\t<\/div>\n\t\t\t\n\t\t\t\t\t\t\t<div class=\"image-text__image\" data-animation='parallax-2'><img loading=\"lazy\" decoding=\"async\" width=\"525\" height=\"350\" src=\"https:\/\/brouwers.lu\/wp-content\/uploads\/2022\/02\/vente-accom-525x350.jpg\" class=\"attachment-mena_thumb size-mena_thumb\" alt=\"\" srcset=\"https:\/\/brouwers.lu\/wp-content\/uploads\/2022\/02\/vente-accom-525x350.jpg 525w, https:\/\/brouwers.lu\/wp-content\/uploads\/2022\/02\/vente-accom-300x200.jpg 300w, https:\/\/brouwers.lu\/wp-content\/uploads\/2022\/02\/vente-accom-1024x683.jpg 1024w, https:\/\/brouwers.lu\/wp-content\/uploads\/2022\/02\/vente-accom-768x513.jpg 768w, https:\/\/brouwers.lu\/wp-content\/uploads\/2022\/02\/vente-accom-1536x1025.jpg 1536w, https:\/\/brouwers.lu\/wp-content\/uploads\/2022\/02\/vente-accom-2048x1367.jpg 2048w\" sizes=\"auto, (max-width: 525px) 100vw, 525px\" \/><\/div>\n\t\t\t\n\t\t\t<div class=\"image-text__desc\">\n\t\t\t\t\t\t\t\t\t<h2 class=\"image-text__title color-grey-300 font-semibold mb-3\">Obtenez le meilleur de votre bien<\/h2>\n\t\t\t\t\n\t\t\t\t\n\t\t\t\t\t\t\t\t\t<div class=\"image-text__text color-grey-400 mb-1\"><p>Que vaut votre bien immobilier et que peut-il vous rapporter? Beaucoup de d\u00e9tenteurs de biens immobiliers s\u2019interrogent sur la valeur de leurs actifs et sur les possibilit\u00e9s d\u2019en tirer le meilleur. Notre bureau immobilier int\u00e8gre une expertise unique qui nous permet de vous conseiller pour am\u00e9liorer le rendement li\u00e9 \u00e0 la d\u00e9tention d\u2019un patrimoine foncier. Est-il pr\u00e9f\u00e9rable de vendre un terrain ou de d\u00e9velopper? Comment am\u00e9liorer son revenu locatif? Quel pourrait \u00eatre l\u2019impact d\u2019un bien immobilier sur votre situation fiscale? Nous \u00e9tudierons ces questions avec vous pour vous permettre d\u2019envisager les meilleures options.<\/p>\n<\/div>\n\t\t\t\t\n\t\t\t\t\n\t\t\t\t\t\t\t\t\t<div class=\"text-center\">\n\t\t\t\t\t\t\t\t\t\t\t\t\t<a href=\"https:\/\/brouwers.lu\/contact\/\" class=\"button c-button image-text__cta\" >\n\t<span>\n\t\tContactez-nous\n\t<\/span>\n\t<\/a>\n\t\t\t\t\t\t\t\t\t\t\t<\/div>\n\t\t\t\t\t\t\t<\/div>\n\t\t<\/div>\n\t<\/div>\n<\/section>\n\n\n<section class=\"image-text content-block image-text--right\">\n\t<div class=\"wrapper\" data-no-translation=\"\">\n\t\t<div class=\"image-text__container\">\n\t\t\t\t\t\t\t<div class=\"image-text__bg-image\" data-animation='parallax-3'>\n\t\t\t\t\t<img decoding=\"async\" src=\"https:\/\/brouwers.lu\/wp-content\/themes\/mena_nm\/assets\/images\/image-text-bg.png\">\n\t\t\t\t<\/div>\n\t\t\t\n\t\t\t\t\t\t\t<div class=\"image-text__image\" data-animation='parallax-2'><img loading=\"lazy\" decoding=\"async\" width=\"525\" height=\"350\" src=\"https:\/\/brouwers.lu\/wp-content\/uploads\/2022\/02\/estimation-525x350.jpg\" class=\"attachment-mena_thumb size-mena_thumb\" alt=\"\" srcset=\"https:\/\/brouwers.lu\/wp-content\/uploads\/2022\/02\/estimation-525x350.jpg 525w, https:\/\/brouwers.lu\/wp-content\/uploads\/2022\/02\/estimation-300x200.jpg 300w, https:\/\/brouwers.lu\/wp-content\/uploads\/2022\/02\/estimation-1024x684.jpg 1024w, https:\/\/brouwers.lu\/wp-content\/uploads\/2022\/02\/estimation-768x513.jpg 768w, https:\/\/brouwers.lu\/wp-content\/uploads\/2022\/02\/estimation-1536x1025.jpg 1536w, https:\/\/brouwers.lu\/wp-content\/uploads\/2022\/02\/estimation-2048x1367.jpg 2048w\" sizes=\"auto, (max-width: 525px) 100vw, 525px\" \/><\/div>\n\t\t\t\n\t\t\t<div class=\"image-text__desc\">\n\t\t\t\t\t\t\t\t\t<h2 class=\"image-text__title color-grey-300 font-semibold mb-3\">Estimez votre bien immobilier et profitez d\u2019un conseil avis\u00e9<\/h2>\n\t\t\t\t\n\t\t\t\t\n\t\t\t\t\t\t\t\t\t<div class=\"image-text__text color-grey-400 mb-1\"><p>Evaluez votre bien en vous appuyant sur des professionnels exp\u00e9riment\u00e9s du march\u00e9 immobilier luxembourgeois, \u00e0 votre \u00e9coute, travaillant avec m\u00e9thode et \u00e0 m\u00eame de vous d\u00e9livrer les meilleurs conseils en fonction de votre situation. En permanence, nous sommes \u00e0 votre \u00e9coute et pr\u00eat \u00e0 vous aider \u00e0 mener vos projets \u00e0 bien .<\/p>\n<\/div>\n\t\t\t\t\n\t\t\t\t\n\t\t\t\t\t\t\t\t\t<div class=\"text-center\">\n\t\t\t\t\t\t\t\t\t\t\t\t\t<a href=\"https:\/\/brouwers.lu\/contact\/\" class=\"button c-button image-text__cta\" >\n\t<span>\n\t\tContactez-nous\n\t<\/span>\n\t<\/a>\n\t\t\t\t\t\t\t\t\t\t\t<\/div>\n\t\t\t\t\t\t\t<\/div>\n\t\t<\/div>\n\t<\/div>\n<\/section>\n\n\n<section class=\"image-text content-block\">\n\t<div class=\"wrapper\" data-no-translation=\"\">\n\t\t<div class=\"image-text__container\">\n\t\t\t\t\t\t\t<div class=\"image-text__bg-image\" data-animation='parallax-3'>\n\t\t\t\t\t<img decoding=\"async\" src=\"https:\/\/brouwers.lu\/wp-content\/themes\/mena_nm\/assets\/images\/image-text-bg.png\">\n\t\t\t\t<\/div>\n\t\t\t\n\t\t\t\t\t\t\t<div class=\"image-text__image\" data-animation='parallax-2'><img loading=\"lazy\" decoding=\"async\" width=\"525\" height=\"350\" src=\"https:\/\/brouwers.lu\/wp-content\/uploads\/2022\/02\/terrain-525x350.jpg\" class=\"attachment-mena_thumb size-mena_thumb\" alt=\"\" srcset=\"https:\/\/brouwers.lu\/wp-content\/uploads\/2022\/02\/terrain-525x350.jpg 525w, https:\/\/brouwers.lu\/wp-content\/uploads\/2022\/02\/terrain-300x200.jpg 300w, https:\/\/brouwers.lu\/wp-content\/uploads\/2022\/02\/terrain-1024x682.jpg 1024w, https:\/\/brouwers.lu\/wp-content\/uploads\/2022\/02\/terrain-768x512.jpg 768w, https:\/\/brouwers.lu\/wp-content\/uploads\/2022\/02\/terrain-1536x1023.jpg 1536w, https:\/\/brouwers.lu\/wp-content\/uploads\/2022\/02\/terrain-2048x1364.jpg 2048w\" sizes=\"auto, (max-width: 525px) 100vw, 525px\" \/><\/div>\n\t\t\t\n\t\t\t<div class=\"image-text__desc\">\n\t\t\t\t\t\t\t\t\t<h2 class=\"image-text__title color-grey-300 font-semibold mb-3\">Acheter ou louer selon vos besoins<\/h2>\n\t\t\t\t\n\t\t\t\t\n\t\t\t\t\t\t\t\t\t<div class=\"image-text__text color-grey-400 mb-1\"><p>A la recherche du bien id\u00e9al au Luxembourg? Nos conseillers vous aideront \u00e0 trouver le bien qu\u2019il vous faut en veillant \u00e0 faciliter les d\u00e9marches li\u00e9es \u00e0 l\u2019acquisition, de la n\u00e9gociation \u00e0 l\u2019\u00e9tablissement des documents l\u00e9gaux en passant par la recherche de financement. Tout au long de notre accompagnement, en vous apportant notre connaissance approfondie du march\u00e9, nous vous conseillons par rapport au bien envisag\u00e9 afin de vous assurer de r\u00e9aliser un bon investissement. <\/p>\n<\/div>\n\t\t\t\t\n\t\t\t\t\n\t\t\t\t\t\t\t\t\t<div class=\"text-center\">\n\t\t\t\t\t\t\t\t\t\t\t\t\t<a href=\"https:\/\/brouwers.lu\/nos-biens-en-cours\/\" class=\"button c-button image-text__cta\" >\n\t<span>\n\t\tTrouvez le bien id\u00e9al\n\t<\/span>\n\t<\/a>\n\t\t\t\t\t\t\t\t\t\t\t\t\t<a href=\"https:\/\/brouwers.lu\/estimate\/\" class=\"button c-button image-text__cta\" >\n\t<span>\n\t\tEstimez votre bien\n\t<\/span>\n\t<\/a>\n\t\t\t\t\t\t\t\t\t\t\t<\/div>\n\t\t\t\t\t\t\t<\/div>\n\t\t<\/div>\n\t<\/div>\n<\/section>","protected":false},"excerpt":{"rendered":"","protected":false},"author":2,"featured_media":0,"parent":0,"menu_order":0,"comment_status":"closed","ping_status":"closed","template":"","meta":{"_acf_changed":false,"inline_featured_image":false,"footnotes":""},"class_list":["post-328","page","type-page","status-publish","hentry"],"acf":[],"_links":{"self":[{"href":"https:\/\/brouwers.lu\/en\/wp-json\/wp\/v2\/pages\/328","targetHints":{"allow":["GET"]}}],"collection":[{"href":"https:\/\/brouwers.lu\/en\/wp-json\/wp\/v2\/pages"}],"about":[{"href":"https:\/\/brouwers.lu\/en\/wp-json\/wp\/v2\/types\/page"}],"author":[{"embeddable":true,"href":"https:\/\/brouwers.lu\/en\/wp-json\/wp\/v2\/users\/2"}],"replies":[{"embeddable":true,"href":"https:\/\/brouwers.lu\/en\/wp-json\/wp\/v2\/comments?post=328"}],"version-history":[{"count":11,"href":"https:\/\/brouwers.lu\/en\/wp-json\/wp\/v2\/pages\/328\/revisions"}],"predecessor-version":[{"id":85497765,"href":"https:\/\/brouwers.lu\/en\/wp-json\/wp\/v2\/pages\/328\/revisions\/85497765"}],"wp:attachment":[{"href":"https:\/\/brouwers.lu\/en\/wp-json\/wp\/v2\/media?parent=328"}],"curies":[{"name":"wp","href":"https:\/\/api.w.org\/{rel}","templated":true}]}}