{"id":219,"date":"2022-02-25T02:10:00","date_gmt":"2022-02-25T02:10:00","guid":{"rendered":"https:\/\/brouwers.lu\/?page_id=219"},"modified":"2026-01-28T16:05:44","modified_gmt":"2026-01-28T15:05:44","slug":"notre-bureau","status":"publish","type":"page","link":"https:\/\/brouwers.lu\/en\/notre-bureau\/","title":{"rendered":"Our office"},"content":{"rendered":"<section class=\"title-text\">\n    <div class=\"wrapper\" data-no-translation=\"\">\n        <div class=\"text-right\">\n                            <h2 class=\"h1\">\n                    L\u2019IMMOBILIER, EN TOUTE S\u00c9R\u00c9NIT\u00c9\n                <\/h2>\n                        \n                            <div>\n                    <p>Toute transaction immobili\u00e8re doit pouvoir \u00eatre abord\u00e9e de la mani\u00e8re la plus sereine possible. Pour cela, il faut pouvoir s\u2019appuyer sur un ensemble d\u2019\u00e9l\u00e9ments tangibles et objectifs afin de justifier la valeur d\u2019un bien et de vous permettre de prendre la meilleure d\u00e9cision.<\/p>\n<p>En tant que Bureau Immobilier, notre r\u00f4le est de vous aider \u00e0 concr\u00e9tiser vos projets immobiliers. Nous vous accompagnons dans vos d\u00e9marches de recherche ou de vente, d\u2019\u00e9valuation, de n\u00e9gociation, dans les proc\u00e9dures administratives, jusqu\u2019\u00e0 la conclusion de la transaction.<\/p>\n<p>Une approche sereine de l\u2019immobilier, loin des promesses qui ne pourront pas \u00eatre tenues, exige une connaissance approfondie du march\u00e9 et des acteurs qui le composent.<\/p>\n<p>Dans tout ce que nous entreprenons, nous nous inscrivons dans une approche durable. Cela se traduit dans les relations que nous nouons au quotidien, avec nos clients et l\u2019ensemble des contreparties avec lesquelles nous interagissons. Brouwers investit chaque jour dans ses relations et ses projets avec la volont\u00e9 de durer.<\/p>\n\n                <\/div>\n                    <\/div>\n    <\/div>\n<\/section>\n\n<section class=\"title-text\">\n    <div class=\"wrapper\" data-no-translation=\"\">\n        <div class=\"text-right\">\n                            <h2 class=\"h1\">\n                    POURQUOI TRAVAILLER AVEC BROUWERS?\n                <\/h2>\n                        \n                            <div>\n                    <p>Nous mettons en \u0153uvre une approche structur\u00e9e, \u00e0 votre service, pour vous permettre d\u2019aborder l\u2019immobilier le plus sereinement possible.<\/p>\n\n                <\/div>\n                    <\/div>\n    <\/div>\n<\/section>\n\n<section class=\"cards content-block\">\n    <div class=\"wrapper\" data-no-translation=\"\">\n        <div class=\"cards__container\">\n                            <div class=\"card card--card\" data-animation='fade-up'>\n\t\t\t\t\t\t<span class=\"card__index mb-2 font-medium\">01<\/span>\n\t\t\n\t\t\t\t\t<h5 class=\"mb-3 color-grey-300\">L\u2019IMMOBILIER AU SERVICE  DE L\u2019HUMAIN<\/h5>\n\t\t\n\t\t\t\t\t<div class=\"mb-0 color-grey-400\">Nous soutenons une conception de l\u2019immobilier au service de l\u2019humain. Nous attachons une grande importance \u00e0 la relation que nous entretenons avec nos clients dans le temps. Savoir \u00e9couter, comprendre les besoins de chacun, ceci est notre Leitmotif.<\/div>\n\t\t\t\n\t<\/div>            \n                            <div class=\"card card--card\" data-animation='fade-up'>\n\t\t\t\t\t\t<span class=\"card__index mb-2 font-medium\">02<\/span>\n\t\t\n\t\t\t\t\t<h5 class=\"mb-3 color-grey-300\">FAIRE DE LA D\u00c9FENSE DE VOS INT\u00c9R\u00caTS NOTRE PRIORIT\u00c9<\/h5>\n\t\t\n\t\t\t\t\t<div class=\"mb-0 color-grey-400\">Au c\u0153ur de notre d\u00e9marche, nous faisons passer vos int\u00e9r\u00eats avant tout le reste. Nous restons engag\u00e9s \u00e0 vos c\u00f4t\u00e9s, afin de vous assurer enti\u00e8re satisfaction.<\/div>\n\t\t\t\n\t<\/div>            \n                            <div class=\"card card--card\" data-animation='fade-up'>\n\t\t\t\t\t\t<span class=\"card__index mb-2 font-medium\">03<\/span>\n\t\t\n\t\t\t\t\t<h5 class=\"mb-3 color-grey-300\">FACILITER LES D\u00c9MARCHES, JUSQU\u2019\u00c0 LA TRANSACTION<\/h5>\n\t\t\n\t\t\t\t\t<div class=\"mb-0 color-grey-400\">A travers un accompagnement global, nous cherchons \u00e0 vous faciliter la vie, garantissant votre confort et votre s\u00e9curit\u00e9 \u00e0 chaque \u00e9tape. Nous avons d\u00e9velopp\u00e9s nos propres outils de gestion afi n de vous garantir un suivi complet jusqu\u2019\u00e0 la transaction.<\/div>\n\t\t\t\n\t<\/div>            \n                            <div class=\"card card--card\" data-animation='fade-up'>\n\t\t\t\t\t\t<span class=\"card__index mb-2 font-medium\">04<\/span>\n\t\t\n\t\t\t\t\t<h5 class=\"mb-3 color-grey-300\">LA CONFIANCE, EN TOUTE TRANSPARENCE<\/h5>\n\t\t\n\t\t\t\t\t<div class=\"mb-0 color-grey-400\">En partageant une information claire et la plus objective possible, nous cherchons \u00e0 entretenir la confiance de l\u2019ensemble de nos interlocuteurs.<\/div>\n\t\t\t\n\t<\/div>            \n                            <div class=\"card card--card\" data-animation='fade-up'>\n\t\t\t\t\t\t<span class=\"card__index mb-2 font-medium\">05<\/span>\n\t\t\n\t\t\t\t\t<h5 class=\"mb-3 color-grey-300\">UNE M\u00c9THODOLOGIE ROBUSTE, LEVIER D\u2019EFFICACIT\u00c9<\/h5>\n\t\t\n\t\t\t\t\t<div class=\"mb-0 color-grey-400\">Notre accompagnement s\u2019appuie sur des proc\u00e9dures clairement \u00e9tablies et document\u00e9es pour vous garantir le meilleur suivi et vous offrir les meilleures opportunit\u00e9s.<\/div>\n\t\t\t\n\t<\/div>            \n                    <\/div>\n    <\/div>\n<\/section>\n\n<section class=\"team\">\n\t<div class=\"wrapper\" data-no-translation=\"\">\n\t\t<div class=\"team__container\">\n\t\t\t\t\t\t\t<div class=\"team__member\">\n\t\t\t\t\t<img loading=\"lazy\" decoding=\"async\" width=\"255\" height=\"255\" src=\"https:\/\/brouwers.lu\/wp-content\/uploads\/2022\/02\/bi_portrait_jf_19_1000x1000440w1-5f720b8b8621e-255x255.webp\" class=\"attachment-member_image size-member_image wp-post-image\" alt=\"\" srcset=\"https:\/\/brouwers.lu\/wp-content\/uploads\/2022\/02\/bi_portrait_jf_19_1000x1000440w1-5f720b8b8621e-255x255.webp 255w, https:\/\/brouwers.lu\/wp-content\/uploads\/2022\/02\/bi_portrait_jf_19_1000x1000440w1-5f720b8b8621e-300x300.webp 300w, https:\/\/brouwers.lu\/wp-content\/uploads\/2022\/02\/bi_portrait_jf_19_1000x1000440w1-5f720b8b8621e-1024x1024.webp 1024w, https:\/\/brouwers.lu\/wp-content\/uploads\/2022\/02\/bi_portrait_jf_19_1000x1000440w1-5f720b8b8621e-150x150.webp 150w, https:\/\/brouwers.lu\/wp-content\/uploads\/2022\/02\/bi_portrait_jf_19_1000x1000440w1-5f720b8b8621e-768x768.webp 768w, https:\/\/brouwers.lu\/wp-content\/uploads\/2022\/02\/bi_portrait_jf_19_1000x1000440w1-5f720b8b8621e-100x100.webp 100w, https:\/\/brouwers.lu\/wp-content\/uploads\/2022\/02\/bi_portrait_jf_19_1000x1000440w1-5f720b8b8621e-250x250.webp 250w, https:\/\/brouwers.lu\/wp-content\/uploads\/2022\/02\/bi_portrait_jf_19_1000x1000440w1-5f720b8b8621e.webp 1080w\" sizes=\"auto, (max-width: 255px) 100vw, 255px\" \/>\n\n\t\t\t\t\t<div class=\"team__member-info text-center\">\n\t\t\t\t\t\t\t\t\t\t\t\t\t<h3>\n\t\t\t\t\t\t\t\tJamie<br>FERRIS\n\t\t\t\t\t\t\t<\/h3>\n\t\t\t\t\t\t\n\t\t\t\t\t\t\t\t\t\t\t\t\t<p class=\"team__member-role color-grey-300\">\n\t\t\t\t\t\t\t\tDirecteur du d\u00e9veloppement\n\t\t\t\t\t\t\t<\/p>\n\t\t\t\t\t\t\n\t\t\t\t\t\t\t\t\t\t\t\t\t<p class=\"color-grey-300\">\n\t\t\t\t\t\t\t\tje parle\n\t\t\t\t\t\t\t<\/p>\n\n\t\t\t\t\t\t\t<div class=\"team__member-languages\">\n\t\t\t\t\t\t\t\t\t\t\t\t\t\t\t\t\t<p>FR<\/p>\n\t\t\t\t\t\t\t\t\t\t\t\t\t\t\t\t\t<p>EN<\/p>\n\t\t\t\t\t\t\t\t\t\t\t\t\t\t\t\t\t<p>NL<\/p>\n\t\t\t\t\t\t\t\t\t\t\t\t\t\t\t<\/div>\n\t\t\t\t\t\t\n\t\t\t\t\t\t<p class=\"color-grey-300\">contactez-moi<\/p>\n\n\t\t\t\t\t\t\t\t\t\t\t\t\t<a href=\"tel:+(352) 28 80 02 04 11\">\n\t\t\t\t\t\t\t\t<span>\n\t\t\t\t\t\t\t\t\t<svg>\n\t\t\t\t\t\t\t\t\t\t<use xlink:href=\"https:\/\/brouwers.lu\/wp-content\/themes\/mena_nm\/assets\/images\/symbol\/svg\/sprite.symbol.svg#icon--phone\"><\/use>\n\t\t\t\t\t\t\t\t\t<\/svg>\n\t\t\t\t\t\t\t\t<\/span>\n\t\t\t\t\t\t\t\t+(352) 28 80 02 04 11\n\t\t\t\t\t\t\t<\/a>\n\t\t\t\t\t\t\n\t\t\t\t\t\t\t\t\t\t\t\t\t<a href=\"tel:+(352) 661 206 511\">\n\t\t\t\t\t\t\t\t<span>\n\t\t\t\t\t\t\t\t\t<svg>\n\t\t\t\t\t\t\t\t\t\t<use xlink:href=\"https:\/\/brouwers.lu\/wp-content\/themes\/mena_nm\/assets\/images\/symbol\/svg\/sprite.symbol.svg#icon--mobile\"><\/use>\n\t\t\t\t\t\t\t\t\t<\/svg>\n\t\t\t\t\t\t\t\t<\/span>\n\t\t\t\t\t\t\t\t+(352) 661 206 511\n\t\t\t\t\t\t\t<\/a>\n\t\t\t\t\t\t\n\t\t\t\t\t\t<div class=\"team__member-social\">\n\t\t\t\t\t\t\t\t\t\t\t\t\t\t\t<a href=\"https:\/\/www.linkedin.com\/in\/jamie-ferris-102781114\/\">\n\t\t\t\t\t\t\t\t\t<svg xmlns=\"http:\/\/www.w3.org\/2000\/svg\" viewbox=\"0 0 448 512\"><!--! Font Awesome Pro 6.0.0 by @fontawesome - https:\/\/fontawesome.com License - https:\/\/fontawesome.com\/license (Commercial License) Copyright 2022 Fonticons, Inc. --><path d=\"M100.28 448H7.4V148.9h92.88zM53.79 108.1C24.09 108.1 0 83.5 0 53.8a53.79 53.79 0 0 1 107.58 0c0 29.7-24.1 54.3-53.79 54.3zM447.9 448h-92.68V302.4c0-34.7-.7-79.2-48.29-79.2-48.29 0-55.69 37.7-55.69 76.7V448h-92.78V148.9h89.08v40.8h1.3c12.4-23.5 42.69-48.3 87.88-48.3 94 0 111.28 61.9 111.28 142.3V448z\"\/><\/svg>\n\t\t\t\t\t\t\t\t<\/a>\n\t\t\t\t\t\t\t\n\t\t\t\t\t\t\t\t\t\t\t\t\t\t\t<a href=\"mailto:jamie.ferris@brouwers.lu\">\n\t\t\t\t\t\t\t\t\t<svg xmlns=\"http:\/\/www.w3.org\/2000\/svg\" viewbox=\"0 0 512 512\"><!--! Font Awesome Pro 6.0.0 by @fontawesome - https:\/\/fontawesome.com License - https:\/\/fontawesome.com\/license (Commercial License) Copyright 2022 Fonticons, Inc. --><path d=\"M256 352c-16.53 0-33.06-5.422-47.16-16.41L0 173.2V400C0 426.5 21.49 448 48 448h416c26.51 0 48-21.49 48-48V173.2l-208.8 162.5C289.1 346.6 272.5 352 256 352zM16.29 145.3l212.2 165.1c16.19 12.6 38.87 12.6 55.06 0l212.2-165.1C505.1 137.3 512 125 512 112C512 85.49 490.5 64 464 64h-416C21.49 64 0 85.49 0 112C0 125 6.01 137.3 16.29 145.3z\"\/><\/svg>\n\t\t\t\t\t\t\t\t<\/a>\n\t\t\t\t\t\t\t\t\t\t\t\t\t<\/div>\n\t\t\t\t\t<\/div>\n\t\t\t\t<\/div>\n\t\t\t\t\t\t\t<div class=\"team__member\">\n\t\t\t\t\t<img loading=\"lazy\" decoding=\"async\" width=\"255\" height=\"255\" src=\"https:\/\/brouwers.lu\/wp-content\/uploads\/2022\/10\/shawna-scaled-2-255x255.jpg\" class=\"attachment-member_image size-member_image wp-post-image\" alt=\"\" srcset=\"https:\/\/brouwers.lu\/wp-content\/uploads\/2022\/10\/shawna-scaled-2-255x255.jpg 255w, https:\/\/brouwers.lu\/wp-content\/uploads\/2022\/10\/shawna-scaled-2-300x300.jpg 300w, https:\/\/brouwers.lu\/wp-content\/uploads\/2022\/10\/shawna-scaled-2-1024x1024.jpg 1024w, https:\/\/brouwers.lu\/wp-content\/uploads\/2022\/10\/shawna-scaled-2-150x150.jpg 150w, https:\/\/brouwers.lu\/wp-content\/uploads\/2022\/10\/shawna-scaled-2-768x768.jpg 768w, https:\/\/brouwers.lu\/wp-content\/uploads\/2022\/10\/shawna-scaled-2-1536x1536.jpg 1536w, https:\/\/brouwers.lu\/wp-content\/uploads\/2022\/10\/shawna-scaled-2-12x12.jpg 12w, https:\/\/brouwers.lu\/wp-content\/uploads\/2022\/10\/shawna-scaled-2-100x100.jpg 100w, https:\/\/brouwers.lu\/wp-content\/uploads\/2022\/10\/shawna-scaled-2-250x250.jpg 250w, https:\/\/brouwers.lu\/wp-content\/uploads\/2022\/10\/shawna-scaled-2.jpg 1920w\" sizes=\"auto, (max-width: 255px) 100vw, 255px\" \/>\n\n\t\t\t\t\t<div class=\"team__member-info text-center\">\n\t\t\t\t\t\t\t\t\t\t\t\t\t<h3>\n\t\t\t\t\t\t\t\tShawna<br>DE JONGHE\n\t\t\t\t\t\t\t<\/h3>\n\t\t\t\t\t\t\n\t\t\t\t\t\t\t\t\t\t\t\t\t<p class=\"team__member-role color-grey-300\">\n\t\t\t\t\t\t\t\tReal estate advisor\n\t\t\t\t\t\t\t<\/p>\n\t\t\t\t\t\t\n\t\t\t\t\t\t\t\t\t\t\t\t\t<p class=\"color-grey-300\">\n\t\t\t\t\t\t\t\tje parle\n\t\t\t\t\t\t\t<\/p>\n\n\t\t\t\t\t\t\t<div class=\"team__member-languages\">\n\t\t\t\t\t\t\t\t\t\t\t\t\t\t\t\t\t<p>FR<\/p>\n\t\t\t\t\t\t\t\t\t\t\t\t\t\t\t\t\t<p>ES<\/p>\n\t\t\t\t\t\t\t\t\t\t\t\t\t\t\t\t\t<p>EN<\/p>\n\t\t\t\t\t\t\t\t\t\t\t\t\t\t\t\t\t<p>PT<\/p>\n\t\t\t\t\t\t\t\t\t\t\t\t\t\t\t<\/div>\n\t\t\t\t\t\t\n\t\t\t\t\t\t<p class=\"color-grey-300\">contactez-moi<\/p>\n\n\t\t\t\t\t\t\t\t\t\t\t\t\t<a href=\"tel:+(352) 28 80 02 04 14\">\n\t\t\t\t\t\t\t\t<span>\n\t\t\t\t\t\t\t\t\t<svg>\n\t\t\t\t\t\t\t\t\t\t<use xlink:href=\"https:\/\/brouwers.lu\/wp-content\/themes\/mena_nm\/assets\/images\/symbol\/svg\/sprite.symbol.svg#icon--phone\"><\/use>\n\t\t\t\t\t\t\t\t\t<\/svg>\n\t\t\t\t\t\t\t\t<\/span>\n\t\t\t\t\t\t\t\t+(352) 28 80 02 04 14\n\t\t\t\t\t\t\t<\/a>\n\t\t\t\t\t\t\n\t\t\t\t\t\t\t\t\t\t\t\t\t<a href=\"tel:+(352) 621 565 264\">\n\t\t\t\t\t\t\t\t<span>\n\t\t\t\t\t\t\t\t\t<svg>\n\t\t\t\t\t\t\t\t\t\t<use xlink:href=\"https:\/\/brouwers.lu\/wp-content\/themes\/mena_nm\/assets\/images\/symbol\/svg\/sprite.symbol.svg#icon--mobile\"><\/use>\n\t\t\t\t\t\t\t\t\t<\/svg>\n\t\t\t\t\t\t\t\t<\/span>\n\t\t\t\t\t\t\t\t+(352) 621 565 264\n\t\t\t\t\t\t\t<\/a>\n\t\t\t\t\t\t\n\t\t\t\t\t\t<div class=\"team__member-social\">\n\t\t\t\t\t\t\t\t\t\t\t\t\t\t\t<a href=\"https:\/\/www.linkedin.com\/in\/shawna-de-jonghe-311970190\/\">\n\t\t\t\t\t\t\t\t\t<svg xmlns=\"http:\/\/www.w3.org\/2000\/svg\" viewbox=\"0 0 448 512\"><!--! Font Awesome Pro 6.0.0 by @fontawesome - https:\/\/fontawesome.com License - https:\/\/fontawesome.com\/license (Commercial License) Copyright 2022 Fonticons, Inc. --><path d=\"M100.28 448H7.4V148.9h92.88zM53.79 108.1C24.09 108.1 0 83.5 0 53.8a53.79 53.79 0 0 1 107.58 0c0 29.7-24.1 54.3-53.79 54.3zM447.9 448h-92.68V302.4c0-34.7-.7-79.2-48.29-79.2-48.29 0-55.69 37.7-55.69 76.7V448h-92.78V148.9h89.08v40.8h1.3c12.4-23.5 42.69-48.3 87.88-48.3 94 0 111.28 61.9 111.28 142.3V448z\"\/><\/svg>\n\t\t\t\t\t\t\t\t<\/a>\n\t\t\t\t\t\t\t\n\t\t\t\t\t\t\t\t\t\t\t\t\t\t\t<a href=\"mailto:shawna.dejonghe@brouwers.lu\">\n\t\t\t\t\t\t\t\t\t<svg xmlns=\"http:\/\/www.w3.org\/2000\/svg\" viewbox=\"0 0 512 512\"><!--! Font Awesome Pro 6.0.0 by @fontawesome - https:\/\/fontawesome.com License - https:\/\/fontawesome.com\/license (Commercial License) Copyright 2022 Fonticons, Inc. --><path d=\"M256 352c-16.53 0-33.06-5.422-47.16-16.41L0 173.2V400C0 426.5 21.49 448 48 448h416c26.51 0 48-21.49 48-48V173.2l-208.8 162.5C289.1 346.6 272.5 352 256 352zM16.29 145.3l212.2 165.1c16.19 12.6 38.87 12.6 55.06 0l212.2-165.1C505.1 137.3 512 125 512 112C512 85.49 490.5 64 464 64h-416C21.49 64 0 85.49 0 112C0 125 6.01 137.3 16.29 145.3z\"\/><\/svg>\n\t\t\t\t\t\t\t\t<\/a>\n\t\t\t\t\t\t\t\t\t\t\t\t\t<\/div>\n\t\t\t\t\t<\/div>\n\t\t\t\t<\/div>\n\t\t\t\t\t<\/div>\n\t<\/div>\n<\/section>\n\n\n<section class=\"title-text\">\n    <div class=\"wrapper\" data-no-translation=\"\">\n        <div class=\"text-right\">\n                            <h2 class=\"h1\">\n                    FAITES CONFIANCE \u00c0 NOTRE \u00c9QUIPE\n                <\/h2>\n                        \n                            <div>\n                    <p>Notre \u00e9quipe, dynamique et multiculturelle, d\u00e9veloppe une approche robuste du march\u00e9, en s\u2019appuyant sur une m\u00e9thodologie et des outils \u00e9prouv\u00e9s.<\/p>\n\n                <\/div>\n                    <\/div>\n    <\/div>\n<\/section>\n\n<section class=\"title-text\">\n    <div class=\"wrapper\" data-no-translation=\"\">\n        <div class=\"text-right\">\n                            <h2 class=\"h1\">\n                    REJOIGNEZ NOTRE \u00c9QUIPE?\n                <\/h2>\n                        \n                            <div>\n                    <p>Brouwers vous offre la possibilit\u00e9 d\u2019\u00e9voluer professionnellement au sein d\u2019un environnement dynamique, en confiance avec le client, en consolidant une r\u00e9elle connaissance du march\u00e9 qui s\u2019appuie sur une m\u00e9thode et des outils de travail robustes.<\/p>\n\n                <\/div>\n                    <\/div>\n    <\/div>\n<\/section>\n\n<section class=\"title-text\">\n    <div class=\"wrapper\" data-no-translation=\"\">\n        <div class=\"text-right\">\n                            <h2 class=\"h1\">\n                    INVESTIR DANS L\u2019IMMOBILIER POUR DURER\n                <\/h2>\n                        \n                            <div>\n                    <p>Afin de bien vous accompagner, Brouwers s\u2019est entour\u00e9 de partenaires partageant ses exigences de qualit\u00e9.<\/p>\n\n                <\/div>\n                    <\/div>\n    <\/div>\n<\/section>","protected":false},"excerpt":{"rendered":"","protected":false},"author":2,"featured_media":0,"parent":0,"menu_order":0,"comment_status":"closed","ping_status":"closed","template":"","meta":{"_acf_changed":false,"inline_featured_image":false,"footnotes":""},"class_list":["post-219","page","type-page","status-publish","hentry"],"acf":[],"_links":{"self":[{"href":"https:\/\/brouwers.lu\/en\/wp-json\/wp\/v2\/pages\/219","targetHints":{"allow":["GET"]}}],"collection":[{"href":"https:\/\/brouwers.lu\/en\/wp-json\/wp\/v2\/pages"}],"about":[{"href":"https:\/\/brouwers.lu\/en\/wp-json\/wp\/v2\/types\/page"}],"author":[{"embeddable":true,"href":"https:\/\/brouwers.lu\/en\/wp-json\/wp\/v2\/users\/2"}],"replies":[{"embeddable":true,"href":"https:\/\/brouwers.lu\/en\/wp-json\/wp\/v2\/comments?post=219"}],"version-history":[{"count":55,"href":"https:\/\/brouwers.lu\/en\/wp-json\/wp\/v2\/pages\/219\/revisions"}],"predecessor-version":[{"id":86682939,"href":"https:\/\/brouwers.lu\/en\/wp-json\/wp\/v2\/pages\/219\/revisions\/86682939"}],"wp:attachment":[{"href":"https:\/\/brouwers.lu\/en\/wp-json\/wp\/v2\/media?parent=219"}],"curies":[{"name":"wp","href":"https:\/\/api.w.org\/{rel}","templated":true}]}}